{"id":881,"date":"2015-10-30T04:59:50","date_gmt":"2015-10-30T02:59:50","guid":{"rendered":"http:\/\/wopethemes.com\/demo\/mega2\/?page_id=881"},"modified":"2021-12-15T14:36:28","modified_gmt":"2021-12-15T12:36:28","slug":"services","status":"publish","type":"page","link":"https:\/\/www.rigasexpert.eu\/index.php\/services\/","title":{"rendered":"SERVICII"},"content":{"rendered":"<p>[vc_row][vc_column css_animation=&#8221;none&#8221; css=&#8221;.vc_custom_1639571699922{padding-bottom: 35px !important;background-color: #69b6bf !important;}&#8221;][vc_column_text]<\/p>\n<h1 class=\"content-section-title\" style=\"text-align: center;\"><span style=\"color: #000000;\"><strong>LISTA SERVICIILOR<\/strong><\/span><\/h1>\n<p>[\/vc_column_text][\/vc_column][\/vc_row][vc_row][vc_column][\/vc_column][\/vc_row][vc_row css=&#8221;.vc_custom_1639311091387{margin-top: 35px !important;margin-bottom: 35px !important;}&#8221;][vc_column width=&#8221;1\/3&#8243;][vc_column_text]<\/p>\n<div class=\"icon-box-inline\">SERVICII DE EVIDENTA CONTABILA<\/div>\n<div class=\"icon-box-content\">\n<div class=\"page\" title=\"Page 2\">\n<div class=\"layoutArea\">\n<div class=\"column\">\n<p>Inregistrarea cronologica a articolelor contabile pe baza documentelor primare<\/p>\n<p>Intocmirea jurnalelor de cumparari si vanzari, stabilirea TVA de plata\/recuperat<\/p>\n<p>Intocmirea registrelor contabile si a balantelor de verificare lunare<\/p>\n<p>Completarea Registrului Jurnal, Registrului Inventar si a Registrului de evidenta fiscala<\/p>\n<p>Intocmirea si depunerea declaratiilor privind impozitele si taxele<\/p>\n<p>Calcularea obligatiilor de plata catre Bugetul de Stat (impozitul pe profit, impozitul pe venit, dividende etc.) si intocmirea ordinelor de plata aferente<\/p>\n<p>Intocmirea si depunerea bilantului contabil<\/p>\n<p>Verificarea si certificarea bilantului contabil<\/p>\n<p>Situatiile financiare solicitate de organele de stat, banci, statistica<\/p>\n<p>Acordarea de asistenta pe perioada controalelor fiscale<\/p>\n<p>Contabilitate de gestiune<\/p>\n<\/div>\n<\/div>\n<\/div>\n<\/div>\n<p>[\/vc_column_text][\/vc_column][vc_column width=&#8221;1\/3&#8243;][vc_column_text]<\/p>\n<div class=\"icon-box-inline\">SERVICII DE PERSONAL \u2013 SALARIZARE<\/div>\n<div class=\"icon-box-content\">\n<p>Consultanta privind intocmirea dosarelor de personal<\/p>\n<p>Intocmirea, depunerea si urmarirea dosarelor de personal<\/p>\n<p>Intocmirea de contracte de munca, acte aditionale, decizii incetare<\/p>\n<p>Intocmirea si depunerea statelor de plata a salariilor<\/p>\n<p>Intocmirea si depunerea declaratiilor privind obligatiile aferente salariilor (CAS, CASS, Somaj, ITM)<\/p>\n<p>Elaborarea fiselor fiscale<\/p>\n<\/div>\n<p>[\/vc_column_text][\/vc_column][vc_column width=&#8221;1\/3&#8243;][vc_column_text]<\/p>\n<div class=\"icon-box-inline\">SERVICII DE MANAGEMENT FINANCIAR-CONTABIL<\/div>\n<div class=\"icon-box-content\">\n<p>Consultanta privind organizarea contabilitatii financiare si de gestiune \u00een conformitate cu legislatia in vigoare.<\/p>\n<p>Instruirea personalului cu privire la modul de intocmire a documentelor primare si circuitul acestora in cadrul organizatiei.<\/p>\n<p>Consultanta in alegerea sistemului informatic necesar activitatii.<\/p>\n<\/div>\n<p>[\/vc_column_text][\/vc_column][\/vc_row][vc_row][vc_column css_animation=&#8221;fadeIn&#8221; css=&#8221;.vc_custom_1639571760074{padding-bottom: 35px !important;background-color: #5fccd8 !important;}&#8221;][vc_column_text css_animation=&#8221;fadeIn&#8221; css=&#8221;.vc_custom_1639331010355{background-position: center !important;background-repeat: no-repeat !important;background-size: contain !important;}&#8221;]<\/p>\n<h1 class=\"content-section-title\" style=\"text-align: center;\"><span style=\"color: #000000;\"><strong>SERVICII DE TRADUCERI LEGALIZATE CU APOSTILA DE LA HAGA<\/strong><\/span><\/h1>\n<p>[\/vc_column_text][\/vc_column][\/vc_row][vc_row][vc_column][\/vc_column][\/vc_row][vc_row css=&#8221;.vc_custom_1639311099393{margin-top: 35px !important;}&#8221;][vc_column][vc_column_text css_animation=&#8221;fadeIn&#8221;]Biroul de traduceri ofer\u0103 servicii profesionale de traducere \u00een \/ din majoritatea limbilor de circula\u0163ie interna\u0163ional\u0103. \u00cembin\u00e2nd calitatea, confiden\u0163ialitatea, promptitudinea \u015fi pre\u0163urile competitive, reprezint\u0103 solu\u0163ia ideal\u0103 \u015fi de \u00eencredere at\u00e2t pentru mediul de afaceri c\u00e2t \u015fi pentru traducerile dumneavoastr\u0103 personale.<\/p>\n<p>Traducerile sunt realizate exclusiv de colaboratori califica\u0163i \u015fi cu experien\u0163\u0103 profesional\u0103, certifica\u0163i prin diplome universitare din Romania \u015fi din str\u0103in\u0103tate.[\/vc_column_text][\/vc_column][\/vc_row][vc_row][vc_column][\/vc_column][\/vc_row][vc_row css=&#8221;.vc_custom_1639311466548{margin-top: 35px !important;}&#8221;][vc_column width=&#8221;2\/3&#8243;][vc_column_text]<\/p>\n<h4>INTERESAT SA LUCREZI CU NOI?<\/h4>\n<p>[\/vc_column_text][\/vc_column][vc_column width=&#8221;1\/3&#8243;]<a target=\"_self\" href=\"contact\" class=\"btn btn-sm style-1\" id=\"custom-id-0\" style=\"color:  !important;\">CONTACTEAZA-NE!<\/a>[\/vc_column][\/vc_row]<\/p>\n","protected":false},"excerpt":{"rendered":"<p>[vc_row][vc_column css_animation=&#8221;none&#8221; css=&#8221;.vc_custom_1639571699922{padding-bottom: 35px !important;background-color: #69b6bf !important;}&#8221;][vc_column_text] LISTA SERVICIILOR [\/vc_column_text][\/vc_column][\/vc_row][vc_row][vc_column][\/vc_column][\/vc_row][vc_row css=&#8221;.vc_custom_1639311091387{margin-top: 35px !important;margin-bottom: 35px !important;}&#8221;][vc_column width=&#8221;1\/3&#8243;][vc_column_text] SERVICII DE EVIDENTA CONTABILA Inregistrarea cronologica a articolelor contabile pe baza documentelor primare Intocmirea jurnalelor de cumparari si vanzari, stabilirea TVA de plata\/recuperat Intocmirea&#8230;<\/p>\n","protected":false},"author":2,"featured_media":0,"parent":0,"menu_order":0,"comment_status":"closed","ping_status":"closed","template":"","meta":{"footnotes":""},"class_list":["post-881","page","type-page","status-publish","hentry"],"_links":{"self":[{"href":"https:\/\/www.rigasexpert.eu\/index.php\/wp-json\/wp\/v2\/pages\/881","targetHints":{"allow":["GET"]}}],"collection":[{"href":"https:\/\/www.rigasexpert.eu\/index.php\/wp-json\/wp\/v2\/pages"}],"about":[{"href":"https:\/\/www.rigasexpert.eu\/index.php\/wp-json\/wp\/v2\/types\/page"}],"author":[{"embeddable":true,"href":"https:\/\/www.rigasexpert.eu\/index.php\/wp-json\/wp\/v2\/users\/2"}],"replies":[{"embeddable":true,"href":"https:\/\/www.rigasexpert.eu\/index.php\/wp-json\/wp\/v2\/comments?post=881"}],"version-history":[{"count":21,"href":"https:\/\/www.rigasexpert.eu\/index.php\/wp-json\/wp\/v2\/pages\/881\/revisions"}],"predecessor-version":[{"id":2293,"href":"https:\/\/www.rigasexpert.eu\/index.php\/wp-json\/wp\/v2\/pages\/881\/revisions\/2293"}],"wp:attachment":[{"href":"https:\/\/www.rigasexpert.eu\/index.php\/wp-json\/wp\/v2\/media?parent=881"}],"curies":[{"name":"wp","href":"https:\/\/api.w.org\/{rel}","templated":true}]}}